{"id":15,"date":"2022-08-17T16:41:35","date_gmt":"2022-08-17T16:41:35","guid":{"rendered":"https:\/\/www.spolecneprocechticko.cz\/?page_id=15"},"modified":"2022-08-22T14:13:57","modified_gmt":"2022-08-22T14:13:57","slug":"beautiful-portfolios-for-exceptional-creatives","status":"publish","type":"page","link":"https:\/\/www.spolecneprocechticko.cz\/","title":{"rendered":"Slovo na \u00favod"},"content":{"rendered":"\n<p class=\"has-text-align-center\"><meta charset=\"utf-8\">Je\u0161t\u011b ne\u017e se pust\u00edte do \u010dten\u00ed na\u0161eho volebn\u00edho programu, dovolte n\u00e1m sd\u011blit n\u011bkolik up\u0159\u00edmn\u00fdch slov. Nem\u00e1me v pl\u00e1nu z\u00edsk\u00e1vat si p\u0159\u00edze\u0148 pod p\u0159\u00edslibem vzdu\u0161n\u00fdch z\u00e1mk\u016f. Finan\u010dn\u00ed situace nen\u00ed v sou\u010dasn\u00e9 dob\u011b p\u0159\u00edzniv\u00e1 ani pro ob\u010dany ani pro rozpo\u010det obc\u00ed. St\u00e1le je ale cel\u00e1 \u0159ada mo\u017enost\u00ed, jak se s takovou situac\u00ed co mo\u017en\u00e1 nejl\u00e9pe vypo\u0159\u00e1dat. V\u011b\u0159\u00edme, \u017ee s na\u0161imi zku\u0161enostmi tento nelehk\u00fd \u00fakol zvl\u00e1dneme. <\/p>\n\n\n\n<div style=\"height:55px\" aria-hidden=\"true\" class=\"wp-block-spacer\"><\/div>\n\n\n\n<div class=\"wp-block-group alignfull has-background\" style=\"background-color:#e5e9ec\"><div class=\"wp-block-group__inner-container is-layout-flow wp-block-group-is-layout-flow\">\n<div class=\"wp-block-columns is-layout-flex wp-container-core-columns-is-layout-9d6595d7 wp-block-columns-is-layout-flex\">\n<div class=\"wp-block-column is-vertically-aligned-center is-layout-flow wp-block-column-is-layout-flow\">\n<h2 class=\"wp-block-heading\">O n\u00e1s<\/h2>\n\n\n\n<p>Ud\u011blejte si p\u0159edstavu o tom, kdo za v\u00e1s bude kopat. V sekci &#8222;O n\u00e1s&#8220; se V\u00e1m v\u0161ichni p\u0159edstav\u00edme.<\/p>\n\n\n\n<div class=\"wp-block-buttons is-horizontal is-content-justification-left is-layout-flex wp-container-core-buttons-is-layout-7e5fce0a wp-block-buttons-is-layout-flex\">\n<div class=\"wp-block-button is-style-outline is-style-outline--1\"><a class=\"wp-block-button__link\" href=\"https:\/\/www.spolecneprocechticko.cz\/?page_id=16\">Prohl\u00e9dnout<\/a><\/div>\n<\/div>\n\n\n\n<p><\/p>\n<\/div>\n\n\n\n<div class=\"wp-block-column is-layout-flow wp-block-column-is-layout-flow\">\n<div style=\"height:48px\" aria-hidden=\"true\" class=\"wp-block-spacer\"><\/div>\n\n\n\n<figure class=\"wp-block-image size-large\"><img loading=\"lazy\" decoding=\"async\" width=\"1024\" height=\"1024\" src=\"https:\/\/www.spolecneprocechticko.cz\/wp-content\/uploads\/2022\/08\/association-g34b38bfd0_1280-1024x1024.png\" alt=\"\" class=\"wp-image-206\" srcset=\"https:\/\/www.spolecneprocechticko.cz\/wp-content\/uploads\/2022\/08\/association-g34b38bfd0_1280-1024x1024.png 1024w, https:\/\/www.spolecneprocechticko.cz\/wp-content\/uploads\/2022\/08\/association-g34b38bfd0_1280-300x300.png 300w, https:\/\/www.spolecneprocechticko.cz\/wp-content\/uploads\/2022\/08\/association-g34b38bfd0_1280-150x150.png 150w, https:\/\/www.spolecneprocechticko.cz\/wp-content\/uploads\/2022\/08\/association-g34b38bfd0_1280-768x768.png 768w, https:\/\/www.spolecneprocechticko.cz\/wp-content\/uploads\/2022\/08\/association-g34b38bfd0_1280-370x370.png 370w, https:\/\/www.spolecneprocechticko.cz\/wp-content\/uploads\/2022\/08\/association-g34b38bfd0_1280-60x60.png 60w, https:\/\/www.spolecneprocechticko.cz\/wp-content\/uploads\/2022\/08\/association-g34b38bfd0_1280.png 1280w\" sizes=\"auto, (max-width: 1024px) 100vw, 1024px\" \/><\/figure>\n<\/div>\n<\/div>\n<\/div><\/div>\n\n\n\n<div class=\"wp-block-group alignfull\"><div class=\"wp-block-group__inner-container is-layout-flow wp-block-group-is-layout-flow\">\n<div class=\"wp-block-columns are-vertically-aligned-center is-layout-flex wp-container-core-columns-is-layout-9d6595d7 wp-block-columns-is-layout-flex\">\n<div class=\"wp-block-column is-vertically-aligned-center is-layout-flow wp-block-column-is-layout-flow\">\n<div style=\"height:48px\" aria-hidden=\"true\" class=\"wp-block-spacer\"><\/div>\n\n\n\n<figure class=\"wp-block-image size-large\"><img loading=\"lazy\" decoding=\"async\" width=\"929\" height=\"1024\" src=\"https:\/\/www.spolecneprocechticko.cz\/wp-content\/uploads\/2022\/08\/colorful-gbf08b7371_1280-929x1024.png\" alt=\"\" class=\"wp-image-208\" srcset=\"https:\/\/www.spolecneprocechticko.cz\/wp-content\/uploads\/2022\/08\/colorful-gbf08b7371_1280-929x1024.png 929w, https:\/\/www.spolecneprocechticko.cz\/wp-content\/uploads\/2022\/08\/colorful-gbf08b7371_1280-272x300.png 272w, https:\/\/www.spolecneprocechticko.cz\/wp-content\/uploads\/2022\/08\/colorful-gbf08b7371_1280-768x847.png 768w, https:\/\/www.spolecneprocechticko.cz\/wp-content\/uploads\/2022\/08\/colorful-gbf08b7371_1280-54x60.png 54w, https:\/\/www.spolecneprocechticko.cz\/wp-content\/uploads\/2022\/08\/colorful-gbf08b7371_1280.png 1161w\" sizes=\"auto, (max-width: 929px) 100vw, 929px\" \/><\/figure>\n<\/div>\n\n\n\n<div class=\"wp-block-column is-vertically-aligned-center is-layout-flow wp-block-column-is-layout-flow\">\n<h2 class=\"wp-block-heading\">Co V\u00e1m nab\u00edz\u00edme?<\/h2>\n\n\n\n<p>Chcete v\u011bdet, co p\u0159esn\u011b m\u00e1me v \u00famyslu a o co se budeme v na\u0161em regionu sna\u017eit? V\u0161e jsme V\u00e1m sepsali na jednu str\u00e1nku.<\/p>\n\n\n\n<div class=\"wp-block-buttons is-layout-flex wp-block-buttons-is-layout-flex\">\n<div class=\"wp-block-button is-style-outline is-style-outline--2\"><a class=\"wp-block-button__link\" href=\"https:\/\/www.spolecneprocechticko.cz\/?page_id=17\">Prohl\u00e9dnout<\/a><\/div>\n<\/div>\n<\/div>\n<\/div>\n<\/div><\/div>\n","protected":false},"excerpt":{"rendered":"<p>Je\u0161t\u011b ne\u017e se pust\u00edte do \u010dten\u00ed na\u0161eho volebn\u00edho programu, dovolte n\u00e1m sd\u011blit n\u011bkolik up\u0159\u00edmn\u00fdch slov. Nem\u00e1me v pl\u00e1nu z\u00edsk\u00e1vat si p\u0159\u00edze\u0148 pod p\u0159\u00edslibem vzdu\u0161n\u00fdch z\u00e1mk\u016f. Finan\u010dn\u00ed situace nen\u00ed v sou\u010dasn\u00e9 dob\u011b p\u0159\u00edzniv\u00e1 ani pro ob\u010dany ani pro rozpo\u010det obc\u00ed. St\u00e1le je ale cel\u00e1 \u0159ada mo\u017enost\u00ed, jak se s takovou situac\u00ed co mo\u017en\u00e1 nejl\u00e9pe vypo\u0159\u00e1dat. V\u011b\u0159\u00edme, &hellip; <\/p>\n","protected":false},"author":1,"featured_media":0,"parent":0,"menu_order":0,"comment_status":"closed","ping_status":"closed","template":"","meta":{"_monsterinsights_skip_tracking":false,"_monsterinsights_sitenote_active":false,"_monsterinsights_sitenote_note":"","_monsterinsights_sitenote_category":0,"footnotes":""},"class_list":["post-15","page","type-page","status-publish","hentry"],"aioseo_notices":[],"_links":{"self":[{"href":"https:\/\/www.spolecneprocechticko.cz\/index.php?rest_route=\/wp\/v2\/pages\/15","targetHints":{"allow":["GET"]}}],"collection":[{"href":"https:\/\/www.spolecneprocechticko.cz\/index.php?rest_route=\/wp\/v2\/pages"}],"about":[{"href":"https:\/\/www.spolecneprocechticko.cz\/index.php?rest_route=\/wp\/v2\/types\/page"}],"author":[{"embeddable":true,"href":"https:\/\/www.spolecneprocechticko.cz\/index.php?rest_route=\/wp\/v2\/users\/1"}],"replies":[{"embeddable":true,"href":"https:\/\/www.spolecneprocechticko.cz\/index.php?rest_route=%2Fwp%2Fv2%2Fcomments&post=15"}],"version-history":[{"count":7,"href":"https:\/\/www.spolecneprocechticko.cz\/index.php?rest_route=\/wp\/v2\/pages\/15\/revisions"}],"predecessor-version":[{"id":209,"href":"https:\/\/www.spolecneprocechticko.cz\/index.php?rest_route=\/wp\/v2\/pages\/15\/revisions\/209"}],"wp:attachment":[{"href":"https:\/\/www.spolecneprocechticko.cz\/index.php?rest_route=%2Fwp%2Fv2%2Fmedia&parent=15"}],"curies":[{"name":"wp","href":"https:\/\/api.w.org\/{rel}","templated":true}]}}