{"id":17,"date":"2022-08-17T16:41:35","date_gmt":"2022-08-17T16:41:35","guid":{"rendered":"https:\/\/www.spolecneprocechticko.cz\/?page_id=17"},"modified":"2022-09-04T13:02:45","modified_gmt":"2022-09-04T13:02:45","slug":"kontakt","status":"publish","type":"page","link":"https:\/\/www.spolecneprocechticko.cz\/?page_id=17","title":{"rendered":"N\u00e1\u0161 program"},"content":{"rendered":"<div class=\"wp-block-image\">\n<figure class=\"aligncenter size-large is-resized\"><img loading=\"lazy\" decoding=\"async\" src=\"http:\/\/www.spolecneprocechticko.cz\/wp-content\/uploads\/2022\/08\/spcfinal-1024x724.png\" alt=\"\" class=\"wp-image-210\" width=\"334\" height=\"235\" srcset=\"https:\/\/www.spolecneprocechticko.cz\/wp-content\/uploads\/2022\/08\/spcfinal-1024x724.png 1024w, https:\/\/www.spolecneprocechticko.cz\/wp-content\/uploads\/2022\/08\/spcfinal-300x212.png 300w, https:\/\/www.spolecneprocechticko.cz\/wp-content\/uploads\/2022\/08\/spcfinal-768x543.png 768w, https:\/\/www.spolecneprocechticko.cz\/wp-content\/uploads\/2022\/08\/spcfinal-1536x1086.png 1536w, https:\/\/www.spolecneprocechticko.cz\/wp-content\/uploads\/2022\/08\/spcfinal-2048x1448.png 2048w, https:\/\/www.spolecneprocechticko.cz\/wp-content\/uploads\/2022\/08\/spcfinal-85x60.png 85w\" sizes=\"auto, (max-width: 334px) 100vw, 334px\" \/><\/figure>\n<\/div>\n\n\n<p class=\"has-text-align-center\">Je\u0161t\u011b ne\u017e se pust\u00edte do \u010dten\u00ed na\u0161eho volebn\u00edho programu, dovolte n\u00e1m sd\u011blit n\u011bkolik up\u0159\u00edmn\u00fdch slov. Nem\u00e1me v pl\u00e1nu z\u00edsk\u00e1vat si p\u0159\u00edze\u0148 pod p\u0159\u00edslibem vzdu\u0161n\u00fdch z\u00e1mk\u016f. Finan\u010dn\u00ed situace nen\u00ed v sou\u010dasn\u00e9 dob\u011b p\u0159\u00edzniv\u00e1 ani pro ob\u010dany ani pro rozpo\u010det obc\u00ed. St\u00e1le je ale cel\u00e1 \u0159ada mo\u017enost\u00ed, jak se s takovou situac\u00ed co mo\u017en\u00e1 nejl\u00e9pe vypo\u0159\u00e1dat. V\u011b\u0159\u00edme, \u017ee s na\u0161imi zku\u0161enostmi tento nelehk\u00fd \u00fakol zvl\u00e1dneme. \u017de nev\u00edte, s k\u00fdm m\u00e1te tu \u010dest? Pod\u00edvejte se do sekce <a href=\"https:\/\/www.spolecneprocechticko.cz\/?page_id=16\">O n\u00e1s<\/a>.<\/p>\n\n\n\n<h1 class=\"has-text-align-center wp-block-heading\">Co tedy nab\u00edz\u00edme?<\/h1>\n\n\n\n<p class=\"has-text-align-center\"><strong><em>Zlep\u0161\u00edme komunikaci <\/em>s ve\u0159ejnost\u00ed<\/strong><\/p>\n\n\n\n<div class=\"wp-block-columns is-layout-flex wp-container-core-columns-is-layout-9d6595d7 wp-block-columns-is-layout-flex\">\n<div class=\"wp-block-column is-layout-flow wp-block-column-is-layout-flow\" style=\"flex-basis:100%\">\n<p class=\"has-text-align-center\">R\u00e1di bychom ob\u010dan\u016fm nab\u00eddli to, co sami od p\u0159edstavenstva obce vy\u017eadujeme &#8211; mo\u017enost pod\u00edlet se na rozhodov\u00e1n\u00ed o pl\u00e1novan\u00fdch projektech, investi\u010dn\u00ed v\u00fdstavb\u011b a oprav\u00e1ch v na\u0161\u00ed obci.  V z\u00e1vislosti na rozpo\u010dtu obce je v\u017edy mo\u017enost rozhodnout se mezi n\u011bkolika projekty, kter\u00e9 maj\u00ed z pohledu ob\u010dan\u016f prioritu. V dne\u0161n\u00ed dob\u011b lze tohoto jednodu\u0161e dos\u00e1hnout prost\u0159ednictv\u00edm referend a hlasov\u00e1n\u00edm ob\u010dan\u016f, kte\u0159\u00ed maj\u00ed v na\u0161em obvodu trval\u00e9 bydli\u0161t\u011b. Pr\u00e1v\u011b tito lid\u00e9 v\u011bd\u00ed nejl\u00e9pe, co je pro zlep\u0161en\u00ed \u017eivotn\u00edho komfortu v jejich obci prioritou.<\/p>\n\n\n\n<p class=\"has-text-align-center\"><img loading=\"lazy\" decoding=\"async\" width=\"150\" height=\"145\" class=\"wp-image-151\" style=\"width: 150px;\" src=\"http:\/\/www.spolecneprocechticko.cz\/wp-content\/uploads\/2022\/08\/loudspeaker-gf51d30182_640.png\" alt=\"\" srcset=\"https:\/\/www.spolecneprocechticko.cz\/wp-content\/uploads\/2022\/08\/loudspeaker-gf51d30182_640.png 640w, https:\/\/www.spolecneprocechticko.cz\/wp-content\/uploads\/2022\/08\/loudspeaker-gf51d30182_640-300x291.png 300w, https:\/\/www.spolecneprocechticko.cz\/wp-content\/uploads\/2022\/08\/loudspeaker-gf51d30182_640-62x60.png 62w\" sizes=\"auto, (max-width: 150px) 100vw, 150px\" \/><\/p>\n<\/div>\n<\/div>\n\n\n\n<p class=\"has-text-align-center\"><strong>Podpo\u0159\u00edme bydlen\u00ed a infrastrukturu<\/strong><\/p>\n\n\n\n<p class=\"has-text-align-center\">V posledn\u00ed dob\u011b jsme sv\u011bdky neust\u00e1l\u00fdch komplikac\u00ed s v\u00fdstavbou bydlen\u00ed, nebytov\u00fdch prostor a prostor\u016f pro podnik\u00e1n\u00ed. Nen\u00ed mo\u017en\u00e9, aby lid\u00e9 na mo\u017enost v\u00fdstavby sv\u00e9ho bydlen\u00ed \u010dekali mnoho let. Toto m\u00e1 za n\u00e1sledek neust\u00e1l\u00fd odliv produktivn\u00edch obyvatel z na\u0161ich obc\u00ed &#8211; sami jist\u011b takov\u00e9 p\u0159\u00edklady zn\u00e1te. Z tohoto d\u016fvodu jsme p\u0159ipraveni v\u011bnovat do zefektivn\u011bn\u00ed \u00fazemn\u00edho pl\u00e1nov\u00e1n\u00ed a usnadn\u011bn\u00ed v\u00fdstavby nov\u00e9ho bydlen\u00ed maximum energie. Umo\u017en\u00edme obyvatel\u016fm stav\u011bt na sv\u00fdch pozemc\u00edch a p\u0159iprav\u00edme vhodnou z\u00f3nu pro pr\u016fmyslov\u00e9 vyu\u017eit\u00ed. Zam\u011b\u0159\u00edme se rovn\u011b\u017e na efektivn\u00ed nakl\u00e1d\u00e1n\u00ed s odpadn\u00edmi vodami a na dostupnost pitn\u00e9 vody v na\u0161ich obc\u00edch.<\/p>\n\n\n\n<p class=\"has-text-align-center\"><img loading=\"lazy\" decoding=\"async\" width=\"150\" height=\"145\" class=\"wp-image-160\" style=\"width: 150px;\" src=\"http:\/\/www.spolecneprocechticko.cz\/wp-content\/uploads\/2022\/08\/home-gdfcb59163_640.png\" alt=\"\" srcset=\"https:\/\/www.spolecneprocechticko.cz\/wp-content\/uploads\/2022\/08\/home-gdfcb59163_640.png 640w, https:\/\/www.spolecneprocechticko.cz\/wp-content\/uploads\/2022\/08\/home-gdfcb59163_640-300x291.png 300w, https:\/\/www.spolecneprocechticko.cz\/wp-content\/uploads\/2022\/08\/home-gdfcb59163_640-62x60.png 62w\" sizes=\"auto, (max-width: 150px) 100vw, 150px\" \/><\/p>\n\n\n\n<p class=\"has-text-align-center\"><strong>S prost\u0159edky m\u011bstyse budeme nakl\u00e1dat efektivn\u011b<\/strong><\/p>\n\n\n\n<p class=\"has-text-align-center\">Rozpracovan\u00fdch nebo pl\u00e1novan\u00fdch projekt\u016f m\u00e1me v sou\u010dasn\u00e9 dob\u011b ve sv\u00fdch obc\u00edch mnoho. Kolik z nich se ale zd\u00e1rn\u011b dot\u00e1hlo do konce?\u00a0 Nemluv\u00edme ani o vysok\u00fdch n\u00e1kladech. Je mnoho v\u011bc\u00ed, kter\u00e9 by jist\u011b p\u0159isp\u011bly ke zlep\u0161en\u00ed komfortu v na\u0161em regionu &#8211; \u00faklid ve\u0159ejn\u00e9ho prostranstv\u00ed, cyklostezky, posekan\u00e1 tr\u00e1va, pravideln\u00e1 \u00fadr\u017eba na\u0161ich spole\u010dn\u00fdch ploch apod. Dohl\u00e9dneme na to, aby rozpo\u010det a person\u00e1ln\u00ed zaji\u0161t\u011bn\u00ed obce bylo vyu\u017eito s maxim\u00e1ln\u00ed efektivitou.<\/p>\n\n\n\n<p class=\"has-text-align-center\"><img loading=\"lazy\" decoding=\"async\" width=\"150\" height=\"139\" class=\"wp-image-162\" style=\"width: 150px;\" src=\"http:\/\/www.spolecneprocechticko.cz\/wp-content\/uploads\/2022\/08\/coins-gc916bcc2c_640.png\" alt=\"\" srcset=\"https:\/\/www.spolecneprocechticko.cz\/wp-content\/uploads\/2022\/08\/coins-gc916bcc2c_640.png 640w, https:\/\/www.spolecneprocechticko.cz\/wp-content\/uploads\/2022\/08\/coins-gc916bcc2c_640-300x279.png 300w, https:\/\/www.spolecneprocechticko.cz\/wp-content\/uploads\/2022\/08\/coins-gc916bcc2c_640-65x60.png 65w\" sizes=\"auto, (max-width: 150px) 100vw, 150px\" \/><\/p>\n\n\n\n<p class=\"has-text-align-center\"><strong>Podpo\u0159\u00edme \u017eivot v na\u0161em regionu<\/strong><\/p>\n\n\n\n<p class=\"has-text-align-center\">Na\u0161e obce disponuj\u00ed prostory, vhodn\u00fdmi k vybudov\u00e1n\u00ed z\u00e1zem\u00ed pro spole\u010dn\u00e9 chv\u00edle s na\u0161imi kamar\u00e1dy a zn\u00e1m\u00fdmi. Pro\u010d takov\u00e9 mo\u017enosti nevyu\u017e\u00edt? Pro\u010d neust\u00e1le dopravovat sv\u00e9 ratolesti na z\u00e1jmov\u00e9 krou\u017eky nebo sportovn\u00ed aktivity do okoln\u00edch m\u011bst? Zasad\u00edme se o to, aby i v na\u0161\u00ed obci byla mo\u017enost tr\u00e1vit voln\u00fd \u010das aktivn\u011b &#8211; roz\u0161\u00ed\u0159\u00edme mo\u017enosti sportovn\u00edch aktivit, zorganizujeme pravideln\u00e1 setk\u00e1n\u00ed, besedy nebo v\u00fdlety. Jako z\u00e1sadn\u00ed vn\u00edm\u00e1me dostupnost slu\u017eeb a l\u00e9ka\u0159sk\u00e9 p\u00e9\u010de. Z tohoto d\u016fvodu vyjdeme l\u00e9ka\u0159\u016fm a lidem, poskytuj\u00edc\u00edm v na\u0161ich obc\u00edch slu\u017eby ve\u0159ejnosti, maxim\u00e1ln\u011b vst\u0159\u00edc.<\/p>\n\n\n\n<p class=\"has-text-align-center\"><img loading=\"lazy\" decoding=\"async\" width=\"150\" height=\"116\" class=\"wp-image-163\" style=\"width: 150px;\" src=\"http:\/\/www.spolecneprocechticko.cz\/wp-content\/uploads\/2022\/08\/bicycle-g4c8a7cce6_640.png\" alt=\"\" srcset=\"https:\/\/www.spolecneprocechticko.cz\/wp-content\/uploads\/2022\/08\/bicycle-g4c8a7cce6_640.png 640w, https:\/\/www.spolecneprocechticko.cz\/wp-content\/uploads\/2022\/08\/bicycle-g4c8a7cce6_640-300x232.png 300w, https:\/\/www.spolecneprocechticko.cz\/wp-content\/uploads\/2022\/08\/bicycle-g4c8a7cce6_640-78x60.png 78w\" sizes=\"auto, (max-width: 150px) 100vw, 150px\" \/><\/p>\n\n\n\n<p class=\"has-text-align-center\"><strong>Mali\u010dkosti pro spokojen\u00fd \u017eivot<\/strong><\/p>\n\n\n\n<p class=\"has-text-align-center\">Jist\u011b jste si ji\u017e mnohokr\u00e1t p\u0159i proch\u00e1zce nebo na cest\u011b do obchodu pomysleli, \u017ee by V\u00e1m lavi\u010dka k odpo\u010dinku nebo strom poskytuj\u00edc\u00ed p\u0159\u00edjemn\u00fd st\u00edn p\u0159i\u0161el vhod&#8230;. N\u00e1m tak\u00e9! Spole\u010dn\u011b proto vybereme vhodn\u00e1 m\u00edsta pro um\u00edst\u011bn\u00ed lavi\u010dek a zasad\u00edme stromy, spoustu nov\u00fdch strom\u016f.<\/p>\n\n\n\n<p class=\"has-text-align-center\"><img loading=\"lazy\" decoding=\"async\" width=\"150\" height=\"162\" class=\"wp-image-164\" style=\"width: 150px;\" src=\"http:\/\/www.spolecneprocechticko.cz\/wp-content\/uploads\/2022\/08\/tree-gbe2191a65_640.png\" alt=\"\" srcset=\"https:\/\/www.spolecneprocechticko.cz\/wp-content\/uploads\/2022\/08\/tree-gbe2191a65_640.png 592w, https:\/\/www.spolecneprocechticko.cz\/wp-content\/uploads\/2022\/08\/tree-gbe2191a65_640-278x300.png 278w, https:\/\/www.spolecneprocechticko.cz\/wp-content\/uploads\/2022\/08\/tree-gbe2191a65_640-56x60.png 56w\" sizes=\"auto, (max-width: 150px) 100vw, 150px\" \/><\/p>\n","protected":false},"excerpt":{"rendered":"<p>Je\u0161t\u011b ne\u017e se pust\u00edte do \u010dten\u00ed na\u0161eho volebn\u00edho programu, dovolte n\u00e1m sd\u011blit n\u011bkolik up\u0159\u00edmn\u00fdch slov. Nem\u00e1me v pl\u00e1nu z\u00edsk\u00e1vat si p\u0159\u00edze\u0148 pod p\u0159\u00edslibem vzdu\u0161n\u00fdch z\u00e1mk\u016f. Finan\u010dn\u00ed situace nen\u00ed v sou\u010dasn\u00e9 dob\u011b p\u0159\u00edzniv\u00e1 ani pro ob\u010dany ani pro rozpo\u010det obc\u00ed. St\u00e1le je ale cel\u00e1 \u0159ada mo\u017enost\u00ed, jak se s takovou situac\u00ed co mo\u017en\u00e1 nejl\u00e9pe vypo\u0159\u00e1dat. V\u011b\u0159\u00edme, &hellip; <\/p>\n","protected":false},"author":1,"featured_media":0,"parent":0,"menu_order":0,"comment_status":"closed","ping_status":"closed","template":"","meta":{"_monsterinsights_skip_tracking":false,"_monsterinsights_sitenote_active":false,"_monsterinsights_sitenote_note":"","_monsterinsights_sitenote_category":0,"footnotes":""},"class_list":["post-17","page","type-page","status-publish","hentry"],"aioseo_notices":[],"_links":{"self":[{"href":"https:\/\/www.spolecneprocechticko.cz\/index.php?rest_route=\/wp\/v2\/pages\/17","targetHints":{"allow":["GET"]}}],"collection":[{"href":"https:\/\/www.spolecneprocechticko.cz\/index.php?rest_route=\/wp\/v2\/pages"}],"about":[{"href":"https:\/\/www.spolecneprocechticko.cz\/index.php?rest_route=\/wp\/v2\/types\/page"}],"author":[{"embeddable":true,"href":"https:\/\/www.spolecneprocechticko.cz\/index.php?rest_route=\/wp\/v2\/users\/1"}],"replies":[{"embeddable":true,"href":"https:\/\/www.spolecneprocechticko.cz\/index.php?rest_route=%2Fwp%2Fv2%2Fcomments&post=17"}],"version-history":[{"count":25,"href":"https:\/\/www.spolecneprocechticko.cz\/index.php?rest_route=\/wp\/v2\/pages\/17\/revisions"}],"predecessor-version":[{"id":282,"href":"https:\/\/www.spolecneprocechticko.cz\/index.php?rest_route=\/wp\/v2\/pages\/17\/revisions\/282"}],"wp:attachment":[{"href":"https:\/\/www.spolecneprocechticko.cz\/index.php?rest_route=%2Fwp%2Fv2%2Fmedia&parent=17"}],"curies":[{"name":"wp","href":"https:\/\/api.w.org\/{rel}","templated":true}]}}