{"id":287,"date":"2022-09-04T18:49:02","date_gmt":"2022-09-04T18:49:02","guid":{"rendered":"https:\/\/www.spolecneprocechticko.cz\/?page_id=287"},"modified":"2022-09-04T19:14:16","modified_gmt":"2022-09-04T19:14:16","slug":"kontakt-2","status":"publish","type":"page","link":"https:\/\/www.spolecneprocechticko.cz\/?page_id=287","title":{"rendered":"Kontakt"},"content":{"rendered":"\n<p class=\"has-text-align-center\">Zaujal V\u00e1s n\u00e1\u0161 program? M\u00e1te dopl\u0148uj\u00edc\u00ed ot\u00e1zky nebo n\u00e1vrhy na zlep\u0161en\u00ed? Kontaktujte n\u00e1s na uveden\u00fdch \u010d\u00edslech, napi\u0161te na na\u0161\u00ed facebookovou skupinu nebo vyu\u017eijte kontakt emailem.<\/p>\n\n\n\n<p class=\"has-text-align-center\">Olda \u0160lambora: +420 722 722 964<\/p>\n\n\n\n<p class=\"has-text-align-center\">Bohdan Bry\u010d: +420 736 508 758<\/p>\n\n\n\n<p class=\"has-text-align-center\">Jirka Dvo\u0159\u00e1k: +420 702 207 190<\/p>\n\n\n\n<p class=\"has-text-align-center\">Maru\u0161ka \u0160lamborov\u00e1: +420 732 805 924<\/p>\n\n\n\n<p><\/p>\n\n\n\n<p class=\"has-text-align-center\">Email: <a rel=\"noreferrer noopener\" href=\"mailto:spolecneprocechticko@gmail.com\" target=\"_blank\">spolecneprocechticko@gmail.com<\/a><\/p>\n\n\n\n<h2 class=\"has-text-align-center wp-block-heading\">M\u016f\u017eete n\u00e1s kontaktovat i p\u0159es kontaktn\u00ed formul\u00e1\u0159<\/h2>\n\n\n\n<div class=\"wp-block-contact-form-7-contact-form-selector\"><div role=\"form\" class=\"wpcf7\" id=\"wpcf7-f286-o1\" lang=\"cs-CZ\" dir=\"ltr\">\n<div class=\"screen-reader-response\"><p role=\"status\" aria-live=\"polite\" aria-atomic=\"true\"><\/p> <ul><\/ul><\/div>\n<form action=\"\/index.php?rest_route=%2Fwp%2Fv2%2Fpages%2F287#wpcf7-f286-o1\" method=\"post\" class=\"wpcf7-form init\" novalidate=\"novalidate\" data-status=\"init\">\n<div style=\"display: none;\">\n<input type=\"hidden\" name=\"_wpcf7\" value=\"286\" \/>\n<input type=\"hidden\" name=\"_wpcf7_version\" value=\"5.6.3\" \/>\n<input type=\"hidden\" name=\"_wpcf7_locale\" value=\"cs_CZ\" \/>\n<input type=\"hidden\" name=\"_wpcf7_unit_tag\" value=\"wpcf7-f286-o1\" \/>\n<input type=\"hidden\" name=\"_wpcf7_container_post\" value=\"0\" \/>\n<input type=\"hidden\" name=\"_wpcf7_posted_data_hash\" value=\"\" \/>\n<\/div>\n<p><label> Va\u0161e jm\u00e9no<br \/>\n    <span class=\"wpcf7-form-control-wrap\" data-name=\"your-name\"><input type=\"text\" name=\"your-name\" value=\"\" size=\"40\" class=\"wpcf7-form-control wpcf7-text wpcf7-validates-as-required\" aria-required=\"true\" aria-invalid=\"false\" \/><\/span> <\/label><\/p>\n<p><label> V\u00e1\u0161 e-mail<br \/>\n    <span class=\"wpcf7-form-control-wrap\" data-name=\"your-email\"><input type=\"email\" name=\"your-email\" value=\"\" size=\"40\" class=\"wpcf7-form-control wpcf7-text wpcf7-email wpcf7-validates-as-required wpcf7-validates-as-email\" aria-required=\"true\" aria-invalid=\"false\" \/><\/span> <\/label><\/p>\n<p><label> P\u0159edm\u011bt<br \/>\n    <span class=\"wpcf7-form-control-wrap\" data-name=\"your-subject\"><input type=\"text\" name=\"your-subject\" value=\"\" size=\"40\" class=\"wpcf7-form-control wpcf7-text wpcf7-validates-as-required\" aria-required=\"true\" aria-invalid=\"false\" \/><\/span> <\/label><\/p>\n<p><label> Va\u0161e zpr\u00e1va (voliteln\u00fd)<br \/>\n    <span class=\"wpcf7-form-control-wrap\" data-name=\"your-message\"><textarea name=\"your-message\" cols=\"40\" rows=\"10\" class=\"wpcf7-form-control wpcf7-textarea\" aria-invalid=\"false\"><\/textarea><\/span> <\/label><\/p>\n<p><input type=\"submit\" value=\"Odeslat\" class=\"wpcf7-form-control has-spinner wpcf7-submit\" \/><\/p>\n<div class=\"wpcf7-response-output\" aria-hidden=\"true\"><\/div><\/form><\/div><\/div>\n","protected":false},"excerpt":{"rendered":"<p>Zaujal V\u00e1s n\u00e1\u0161 program? M\u00e1te dopl\u0148uj\u00edc\u00ed ot\u00e1zky nebo n\u00e1vrhy na zlep\u0161en\u00ed? Kontaktujte n\u00e1s na uveden\u00fdch \u010d\u00edslech, napi\u0161te na na\u0161\u00ed facebookovou skupinu nebo vyu\u017eijte kontakt emailem. Olda \u0160lambora: +420 722 722 964 Bohdan Bry\u010d: +420 736 508 758 Jirka Dvo\u0159\u00e1k: +420 702 207 190 Maru\u0161ka \u0160lamborov\u00e1: +420 732 805 924 Email: spolecneprocechticko@gmail.com M\u016f\u017eete n\u00e1s kontaktovat i &hellip; <\/p>\n","protected":false},"author":1,"featured_media":0,"parent":0,"menu_order":0,"comment_status":"closed","ping_status":"closed","template":"","meta":{"_monsterinsights_skip_tracking":false,"_monsterinsights_sitenote_active":false,"_monsterinsights_sitenote_note":"","_monsterinsights_sitenote_category":0,"footnotes":""},"class_list":["post-287","page","type-page","status-publish","hentry"],"aioseo_notices":[],"_links":{"self":[{"href":"https:\/\/www.spolecneprocechticko.cz\/index.php?rest_route=\/wp\/v2\/pages\/287","targetHints":{"allow":["GET"]}}],"collection":[{"href":"https:\/\/www.spolecneprocechticko.cz\/index.php?rest_route=\/wp\/v2\/pages"}],"about":[{"href":"https:\/\/www.spolecneprocechticko.cz\/index.php?rest_route=\/wp\/v2\/types\/page"}],"author":[{"embeddable":true,"href":"https:\/\/www.spolecneprocechticko.cz\/index.php?rest_route=\/wp\/v2\/users\/1"}],"replies":[{"embeddable":true,"href":"https:\/\/www.spolecneprocechticko.cz\/index.php?rest_route=%2Fwp%2Fv2%2Fcomments&post=287"}],"version-history":[{"count":6,"href":"https:\/\/www.spolecneprocechticko.cz\/index.php?rest_route=\/wp\/v2\/pages\/287\/revisions"}],"predecessor-version":[{"id":296,"href":"https:\/\/www.spolecneprocechticko.cz\/index.php?rest_route=\/wp\/v2\/pages\/287\/revisions\/296"}],"wp:attachment":[{"href":"https:\/\/www.spolecneprocechticko.cz\/index.php?rest_route=%2Fwp%2Fv2%2Fmedia&parent=287"}],"curies":[{"name":"wp","href":"https:\/\/api.w.org\/{rel}","templated":true}]}}